{"id":1580012,"date":"2026-03-08T03:11:03","date_gmt":"2026-03-08T00:11:03","guid":{"rendered":"https:\/\/www.erzhaber.com\/?page_id=1580012"},"modified":"2026-03-08T03:11:03","modified_gmt":"2026-03-08T00:11:03","slug":"gizlilik-politikasi","status":"publish","type":"page","link":"https:\/\/www.erzhaber.com\/gizlilik-politikasi\/","title":{"rendered":"G\u0130ZL\u0130L\u0130K POL\u0130T\u0130KASI"},"content":{"rendered":"","protected":false},"excerpt":{"rendered":"","protected":false},"author":1,"featured_media":0,"parent":0,"menu_order":0,"comment_status":"closed","ping_status":"closed","template":"","meta":{"footnotes":""},"class_list":["post-1580012","page","type-page","status-publish","hentry"],"_links":{"self":[{"href":"https:\/\/www.erzhaber.com\/wp-json\/wp\/v2\/pages\/1580012","targetHints":{"allow":["GET"]}}],"collection":[{"href":"https:\/\/www.erzhaber.com\/wp-json\/wp\/v2\/pages"}],"about":[{"href":"https:\/\/www.erzhaber.com\/wp-json\/wp\/v2\/types\/page"}],"author":[{"embeddable":true,"href":"https:\/\/www.erzhaber.com\/wp-json\/wp\/v2\/users\/1"}],"replies":[{"embeddable":true,"href":"https:\/\/www.erzhaber.com\/wp-json\/wp\/v2\/comments?post=1580012"}],"version-history":[{"count":0,"href":"https:\/\/www.erzhaber.com\/wp-json\/wp\/v2\/pages\/1580012\/revisions"}],"wp:attachment":[{"href":"https:\/\/www.erzhaber.com\/wp-json\/wp\/v2\/media?parent=1580012"}],"curies":[{"name":"wp","href":"https:\/\/api.w.org\/{rel}","templated":true}]}}